{"id":2,"date":"2021-08-01T13:22:34","date_gmt":"2021-08-01T11:22:34","guid":{"rendered":"http:\/\/e-ksiega.pl\/?page_id=2"},"modified":"2021-10-11T09:04:14","modified_gmt":"2021-10-11T07:04:14","slug":"przykladowa-strona","status":"publish","type":"page","link":"https:\/\/e-ksiega.pl\/","title":{"rendered":"Strona g\u0142\u00f3wna"},"content":{"rendered":"\r\n<section class=\"about-us container--full\" data-aos=\"fade-up\" id=\"onas\">\r\n  <div class=\"container\">\r\n    <div class=\"row\">\r\n      <div class=\"col left-style\">\r\n        <p><strong>Plus Minus Storno to<br \/>\n<\/strong><strong>projekt, kt\u00f3ry wyszed\u0142 naprzeciw<br \/>\n<\/strong><strong>potrzebom klient\u00f3w i<br \/>\n<\/strong><strong>spe\u0142ni\u0142 ich oczekiwania<\/strong><\/p>\n      <\/div>\r\n      <div class=\"col right-style\">\r\n        <p>To co nas wyr\u00f3\u017cnia to <strong>przede wszystkim wieloletnie do\u015bwiadczenie i znajomo\u015b\u0107 zagadnie\u0144 rachunkowo-podatkowych.<\/strong> Nasze zalety daj\u0105 gwarancj\u0119 solidno\u015bci i bezpiecze\u0144stwa finansowego.<\/p>\n<p>We wsp\u00f3\u0142pracy opieramy si\u0119 przede wszystkim na dewizie, \u017ce <strong>ka\u017cdy klient potrzebuje indywidualnego podej\u015bcia,<\/strong> ze wzgl\u0119du na odmienne warunki w jakich dzia\u0142a jego przedsi\u0119biorstwo. Z tego powodu w naszej firmie ka\u017cdy klient ma dedykowanego opiekuna, kt\u00f3rego celem jest poznanie specyfiki firmy oraz jej indywidualnych potrzeb.<\/p>\n<p>Dlatego ju\u017c na etapie pocz\u0105tkowym staramy si\u0119 w spos\u00f3b optymalny pozna\u0107 charakter biznesowy, otoczenie rynkowe, wewn\u0119trzn\u0105 struktur\u0119 i procesy w przedsi\u0119biorstwie a tak\u017ce, co mo\u017ce najwa\u017cniejsze, indywidualne trudno\u015bci, kt\u00f3re napotykaj\u0105 Pa\u0144stwo na swojej drodze. Zaznajomienie si\u0119 ze specyfik\u0105 Pa\u0144stwa firmy pozwala na p\u0142ynn\u0105 i efektywn\u0105 wieloletni\u0105 wsp\u00f3\u0142prac\u0119.<\/p>\n                  <a class=\"button\" href=\"#archon\">\r\n\t\t\t\t\t\t\t<span>Zacznijmy wsp\u00f3\u0142prac\u0119<\/span>\r\n\t\t\t\t\t\t\t<span class=\"button__decor\">+<\/span>\r\n\t\t\t\t\t\t\t<span class=\"button__decor\">+<\/span>\r\n\t\t\t\t\t\t\t<span class=\"button__decor\">&#8211;<\/span>\r\n\t\t\t\t\t\t\t<span class=\"button__decor\">+<\/span>\r\n\t\t\t\t\t\t\t<span class=\"button__decor\">&#8211;<\/span>\r\n\t\t\t\t\t\t\t<span class=\"button__decor\">+<\/span>\r\n\t\t\t\t\t\t<\/a>\t\t\t\t\r\n              <\/div>\r\n    <\/div>\r\n  <\/div>\r\n<\/section>\n\n\r\n<section class=\"our-advantages container--full\">\r\n  <div class=\"container\">\r\n\r\n    <div class=\"text-wrapper\" data-aos=\"fade-up\"><h2 style=\"text-align: center;\">Dlaczego warto z nami wsp\u00f3\u0142pracowa\u0107?<\/h2>\n<\/div>\r\n    \r\n    <div class=\"row\">\r\n\r\n                        <article class=\"our-advantages__item\" data-aos=\"fade-up\">\r\n\r\n                        <img loading=\"lazy\" decoding=\"async\" width=\"100\" height=\"89\" src=\"https:\/\/e-ksiega.pl\/wp-content\/uploads\/2021\/08\/dostep.svg\" class=\"image-center\" alt=\"\" \/>            <h3 style=\"text-align: center;\">Mobilno\u015b\u0107<\/h3>\n<p style=\"text-align: center;\">Wychodz\u0105c naprzeciw oczekiwaniom naszych klient\u00f3w dla spersonalizowanych us\u0142ug wewn\u0119trznych w ofercie posiadamy r\u00f3wnie\u017c us\u0142ugi \u015bwiadczone w siedzibie klienta, zar\u00f3wno przy u\u017cyciu posiadanych przez niego system\u00f3w i bazy danych, jak r\u00f3wnie\u017c przy u\u017cyciu naszego oprogramowania.<\/p>\n          <\/article>\r\n                  <article class=\"our-advantages__item\" data-aos=\"fade-up\">\r\n\r\n                        <img loading=\"lazy\" decoding=\"async\" width=\"100\" height=\"89\" src=\"https:\/\/e-ksiega.pl\/wp-content\/uploads\/2021\/08\/elastycznosc.svg\" class=\"image-center\" alt=\"\" \/>            <h3 style=\"text-align: center;\">Satysfakcja<\/h3>\n<p style=\"text-align: center;\">Korzystaj\u0105c z naszej oferty Klienci uzyskuj\u0105 gwarancj\u0119 rzetelno\u015bci i wysokiej jako\u015bci wykonywania us\u0142ug. W efekcie owocuje to wieloletni\u0105 wsp\u00f3\u0142prac\u0105 przy obop\u00f3lnej satysfakcji. Jeste\u015bmy dumni z faktu, \u017ce wi\u0119kszo\u015b\u0107 naszych klient\u00f3w jest z nami od wielu lat.<\/p>\n          <\/article>\r\n                  <article class=\"our-advantages__item\" data-aos=\"fade-up\">\r\n\r\n                        <img loading=\"lazy\" decoding=\"async\" width=\"100\" height=\"89\" src=\"https:\/\/e-ksiega.pl\/wp-content\/uploads\/2021\/08\/mobilnosc.svg\" class=\"image-center\" alt=\"\" \/>            <h3 style=\"text-align: center;\">Zdalny dost\u0119p<\/h3>\n<p style=\"text-align: center;\">Przy u\u017cyciu elastycznych rozwi\u0105za\u0144 systemowych dobierzemy najdogodniejsz\u0105 dla Pa\u0144stwa potrzeb form\u0119 prowadzenia ksi\u0119gowo\u015bci. Na \u017cyczenie klienta udost\u0119pniamy mo\u017cliwo\u015bci dost\u0119pu do danych bie\u017c\u0105cych oraz archiwalnych z ka\u017cdego miejsca na Ziemi.<\/p>\n          <\/article>\r\n                  <article class=\"our-advantages__item\" data-aos=\"fade-up\">\r\n\r\n                        <img loading=\"lazy\" decoding=\"async\" width=\"100\" height=\"89\" src=\"https:\/\/e-ksiega.pl\/wp-content\/uploads\/2021\/08\/satysfakcja.svg\" class=\"image-center\" alt=\"\" \/>            <h3 style=\"text-align: center;\">Elastyczno\u015b\u0107<\/h3>\n<p style=\"text-align: center;\">Ze wzgl\u0119du na r\u00f3\u017cnorodno\u015b\u0107 dzia\u0142alno\u015bci naszych klient\u00f3w, opracowali\u015bmy dla ka\u017cdego z Pa\u0144stwa indywidualn\u0105 ofert\u0119 obs\u0142ugi. Zdajemy sobie spraw\u0119, \u017ce podstaw\u0105 decyzji nie tylko finansowych lecz r\u00f3wnie\u017c handlowych s\u0105 dane pochodz\u0105ce z system\u00f3w finansowo ksi\u0119gowych \u2013pomo\u017cemy zrozumie\u0107 Pa\u0144stwu \u015bwiat liczb.<\/p>\n          <\/article>\r\n              \r\n    <\/div>\r\n  <\/div>\r\n<\/section>\n\n\r\n<section class=\"range-of-services container--full\" id=\"zakresuslug\">\r\n  <div class=\"container\">\r\n\r\n\r\n    <div data-aos=\"fade-up\" class=\"text-wrapper\"><h2 style=\"text-align: center;\">Zakres us\u0142ug<\/h2>\n<p style=\"text-align: center;\">Zakres us\u0142ug \u015bwiadczonych przez nasze Biuro ma na celu zapewnienie kompleksowej obs\u0142ugi zar\u00f3wno podmiot\u00f3w gospodarczych &#8211; krajowych i zagranicznych, jak r\u00f3wnie\u017c os\u00f3b fizycznych, instytucji oraz r\u00f3\u017cnego typu organizacji, maj\u0105c za zadanie rozwi\u0105zywanie wszelkich problem\u00f3w natury finansowo-ksi\u0119gowej, podatkowej oraz organizacyjnej w tym spraw kadrowych.<\/p>\n<\/div>\r\n\r\n    \r\n              <div class=\"row row--beetween \">\r\n\r\n          <div class=\"col\" data-aos=\"fade-up\">\r\n\r\n            <div class=\"range-of-services__item\" >\r\n              <h3>Ksi\u0119gowo\u015b\u0107<\/h3>\r\n              <ul>\n<li>prowadzenie podatkowej ksi\u0119gi przychod\u00f3w i rozchod\u00f3w;<\/li>\n<li>prowadzenie pe\u0142nych ksi\u0105g handlowych;<\/li>\n<li>prowadzenie ewidencji VAT;<\/li>\n<li>prowadzenie ewidencji \u015brodk\u00f3w trwa\u0142ych oraz warto\u015bci niematerialnych i prawnych,<\/li>\n<li>rozliczenia inwestycji (w tym r\u00f3wnie\u017c inwestycji w obcym \u015brodku trwa\u0142ym);<\/li>\n<li>kontrola dokument\u00f3w pod wzgl\u0119dem formalno-rachunkowym;<\/li>\n<li>rozliczenia z Urz\u0119dem Skarbowym (deklaracje VAT, CIT, PIT i inne);<\/li>\n<\/ul>\n            <\/div>\r\n          <\/div>\r\n                    <div class=\"col\" data-aos=\"fade-left\">\r\n\r\n                        <img loading=\"lazy\" decoding=\"async\" width=\"564\" height=\"564\" src=\"https:\/\/e-ksiega.pl\/wp-content\/uploads\/2021\/08\/AdobeStock_405743116.png\" class=\"prallax_left image-center\" alt=\"\" srcset=\"https:\/\/e-ksiega.pl\/wp-content\/uploads\/2021\/08\/AdobeStock_405743116.png 564w, https:\/\/e-ksiega.pl\/wp-content\/uploads\/2021\/08\/AdobeStock_405743116-300x300.png 300w, https:\/\/e-ksiega.pl\/wp-content\/uploads\/2021\/08\/AdobeStock_405743116-150x150.png 150w, https:\/\/e-ksiega.pl\/wp-content\/uploads\/2021\/08\/AdobeStock_405743116-255x255.png 255w, https:\/\/e-ksiega.pl\/wp-content\/uploads\/2021\/08\/AdobeStock_405743116-320x320.png 320w, https:\/\/e-ksiega.pl\/wp-content\/uploads\/2021\/08\/AdobeStock_405743116-80x80.png 80w\" sizes=\"auto, (max-width: 564px) 100vw, 564px\" \/>          <\/div>\r\n        <\/div>\r\n              <div class=\"row row--beetween  row--reverse\">\r\n\r\n          <div class=\"col\" data-aos=\"fade-up\">\r\n\r\n            <div class=\"range-of-services__item\" >\r\n              <h3>Kadry i p\u0142ace<\/h3>\r\n              <ul>\n<li>prowadzenie pe\u0142nej obs\u0142ugi kadrowo \u2013p\u0142acowej (kartoteki osobowe pracownik\u00f3w, listy p\u0142ac, kartoteki p\u0142acowe pracownik\u00f3w, umowy o prac\u0119, umowy cywilno-prawne, za\u015bwiadczenia, PFRON, ZF\u015aS, itp.);<\/li>\n<li>rozliczenia z ZUS (wszystkie dokumenty rozliczeniowe i zg\u0142oszeniowe);<\/li>\n<li>przygotowywanie wszelkiej korespondencji z ZUS;<\/li>\n<li>reprezentowanie podatnika przed ZUS w zakresie obj\u0119tym udzielonym pe\u0142nomocnictwem.<\/li>\n<li>Rozliczenia PPK<\/li>\n<\/ul>\n            <\/div>\r\n          <\/div>\r\n                    <div class=\"col\" data-aos=\"fade-right\">\r\n\r\n                        <img loading=\"lazy\" decoding=\"async\" width=\"564\" height=\"564\" src=\"https:\/\/e-ksiega.pl\/wp-content\/uploads\/2021\/08\/AdobeStock_120687378.png\" class=\"prallax_right image-center\" alt=\"\" srcset=\"https:\/\/e-ksiega.pl\/wp-content\/uploads\/2021\/08\/AdobeStock_120687378.png 564w, https:\/\/e-ksiega.pl\/wp-content\/uploads\/2021\/08\/AdobeStock_120687378-300x300.png 300w, https:\/\/e-ksiega.pl\/wp-content\/uploads\/2021\/08\/AdobeStock_120687378-150x150.png 150w, https:\/\/e-ksiega.pl\/wp-content\/uploads\/2021\/08\/AdobeStock_120687378-255x255.png 255w, https:\/\/e-ksiega.pl\/wp-content\/uploads\/2021\/08\/AdobeStock_120687378-320x320.png 320w, https:\/\/e-ksiega.pl\/wp-content\/uploads\/2021\/08\/AdobeStock_120687378-80x80.png 80w\" sizes=\"auto, (max-width: 564px) 100vw, 564px\" \/>          <\/div>\r\n        <\/div>\r\n            <\/div>\r\n\r\n<\/section>\n\n\r\n<section  id=\"kadra\" class=\"info-row container--full\" style=\"background-color: #082D5E\">\r\n        <div class=\"text-wrapper\" data-aos=\"fade-up\">\r\n        <h2 style=\"text-align: center;\">Poznaj nas<\/h2>\n<p style=\"text-align: center;\">Nasz zesp\u00f3\u0142 sk\u0142ada si\u0119 z wykwalifikowanej i stale podnosz\u0105cej umiej\u0119tno\u015bci kadry wsp\u00f3\u0142pracownik\u00f3w. Klient jest dla nas najwa\u017cniejszy, dlatego robimy wiele by sprosta\u0107 jego indywidualnym oczekiwaniom i potrzebom.<\/p>\n    <\/div>\r\n<\/section>\n\n\r\n<section  class=\"info-row container--full\" style=\"background-color: #ea4343\">\r\n            <p data-aos=\"fade-up\" class=\"text-center before-title\">Obszar dzia\u0142alno\u015bci to<\/p>\r\n        <div class=\"text-wrapper\" data-aos=\"fade-up\">\r\n        <h2 style=\"text-align: center;\">Teren ca\u0142ego kraju<\/h2>\n<p style=\"text-align: center;\">Nasze biuro ma siedzib\u0119 w Warszawie ale nasi klienci s\u0105 zlokalizowani na terenie ca\u0142ej Europy. Nowoczesne systemy informatyczne pozwalaj\u0105 nam na pe\u0142n\u0105 wsp\u00f3\u0142prac\u0119 z dowolnym zak\u0105tkiem \u015bwiata.<\/p>\n    <\/div>\r\n<\/section>\n\n\r\n<section class=\"contact container--full\"id=\"kontakt\">\r\n  <div class=\"container\"  data-aos=\"fade-up\" >\r\n\r\n    <div class=\"text-wrapper\">\r\n      <h2 style=\"text-align: center;\">Uzyskaj bezp\u0142atn\u0105 konsultacj\u0119<\/h2>\n<p style=\"text-align: center;\">Jeste\u015b zainteresowany nasz\u0105 ofert\u0105? Masz dodatkowe pytania dotycz\u0105ce naszych us\u0142ug? A mo\u017ce po prostu chcesz si\u0119 przywita\u0107? Niezale\u017cnie od powodu \u2013czekamy na Twoj\u0105 wiadomo\u015b\u0107!<\/p>\n    <\/div>\r\n    <div class=\"row\">\r\n      <div class=\"col\">\r\n                  <div class=\"contact-person\">\r\n            <h3>Ma\u0142gorzata Wawryniuk<\/h3>\r\n            <p class=\"ic ic--phone\"><a href=\"tel:+48 501 232 894\">+48 501 232 894<\/a><\/p>\r\n            <p class=\"ic ic--email\"><a href=\"mailto:m.wawryniuk@e-ksiega.pl\">m.wawryniuk@e-ksiega.pl<\/a><\/p>\r\n          <\/div>\r\n                <h3>Plus-Minus GGW sp. z o.o. Storno sp.k.<\/h3>\n<p>Ul. Tucholska 9 lok 12<br \/>\n01-618 Warszawa<\/p>\n<p>Jeste\u015bmy do Twojej dyspozycji od poniedzia\u0142ku do pi\u0105tku w godzinach 9:00 \u2013 17:00<\/p>\n  \r\n      <\/div>\r\n      <div class=\"col\">\r\n        <div id=\"map\">\r\n      <iframe src=\"https:\/\/www.google.com\/maps\/embed?pb=!1m18!1m12!1m3!1d2441.5322786450943!2d20.98582131579816!3d52.270037979767594!2m3!1f0!2f0!3f0!3m2!1i1024!2i768!4f13.1!3m3!1m2!1s0x471ecbf1f98a00cf%3A0x2a625ec946cb8bd7!2sTucholska%209%2C%2001-618%20Warszawa!5e0!3m2!1spl!2spl!4v1632211749683!5m2!1spl!2spl\" width=\"600\" height=\"450\" style=\"border:0;\" allowfullscreen=\"\" loading=\"lazy\"><\/iframe>\r\n\r\n        <\/div>\r\n      <\/div>\r\n    <\/div>\r\n  <\/div>\r\n<\/section>\r\n\r\n","protected":false},"excerpt":{"rendered":"","protected":false},"author":1,"featured_media":0,"parent":0,"menu_order":0,"comment_status":"closed","ping_status":"open","template":"","meta":{"footnotes":""},"class_list":["post-2","page","type-page","status-publish","hentry"],"_links":{"self":[{"href":"https:\/\/e-ksiega.pl\/index.php?rest_route=\/wp\/v2\/pages\/2","targetHints":{"allow":["GET"]}}],"collection":[{"href":"https:\/\/e-ksiega.pl\/index.php?rest_route=\/wp\/v2\/pages"}],"about":[{"href":"https:\/\/e-ksiega.pl\/index.php?rest_route=\/wp\/v2\/types\/page"}],"author":[{"embeddable":true,"href":"https:\/\/e-ksiega.pl\/index.php?rest_route=\/wp\/v2\/users\/1"}],"replies":[{"embeddable":true,"href":"https:\/\/e-ksiega.pl\/index.php?rest_route=%2Fwp%2Fv2%2Fcomments&post=2"}],"version-history":[{"count":27,"href":"https:\/\/e-ksiega.pl\/index.php?rest_route=\/wp\/v2\/pages\/2\/revisions"}],"predecessor-version":[{"id":131,"href":"https:\/\/e-ksiega.pl\/index.php?rest_route=\/wp\/v2\/pages\/2\/revisions\/131"}],"wp:attachment":[{"href":"https:\/\/e-ksiega.pl\/index.php?rest_route=%2Fwp%2Fv2%2Fmedia&parent=2"}],"curies":[{"name":"wp","href":"https:\/\/api.w.org\/{rel}","templated":true}]}}